{"id":4838,"date":"2024-07-05T11:56:50","date_gmt":"2024-07-05T18:56:50","guid":{"rendered":"https:\/\/mysunsethealth.org\/?page_id=4838"},"modified":"2025-08-15T09:33:38","modified_gmt":"2025-08-15T16:33:38","slug":"sunset-health-new-patient-registration-forms","status":"publish","type":"page","link":"https:\/\/mysunsethealth.org\/es\/sunset-health-new-patient-registration-forms\/","title":{"rendered":"Formas de Registro de Paciente"},"content":{"rendered":"<p>[et_pb_section fb_built=&#8221;1&#8243; admin_label=&#8221;COVID-19 Banner&#8221; _builder_version=&#8221;3.29.3&#8243; custom_padding=&#8221;0px||0px||true|false&#8221; global_module=&#8221;1902&#8243; collapsed=&#8221;on&#8221; global_colors_info=&#8221;{}&#8221;][et_pb_row use_custom_gutter=&#8221;on&#8221; gutter_width=&#8221;1&#8243; make_equal=&#8221;on&#8221; admin_label=&#8221;COVID-19 Banner&#8221; _builder_version=&#8221;4.16&#8243; background_color=&#8221;#2671c1&#8243; width=&#8221;100%&#8221; max_width=&#8221;100%&#8221; custom_padding=&#8221;10px||10px||true|false&#8221; border_width_top=&#8221;1px&#8221; border_color_top=&#8221;#e4e5e6&#8243; collapsed=&#8221;off&#8221; global_colors_info=&#8221;{}&#8221;][et_pb_column type=&#8221;4_4&#8243; _builder_version=&#8221;4.16&#8243; global_colors_info=&#8221;{}&#8221;][et_pb_button button_url=&#8221;@ET-DC@eyJkeW5hbWljIjp0cnVlLCJjb250ZW50IjoicG9zdF9saW5rX3VybF9wYWdlIiwic2V0dGluZ3MiOnsicG9zdF9pZCI6IjE2ODgifX0=@&#8221; button_text=&#8221;COVID-19: Testing Information and Resources&#8221; button_alignment=&#8221;center&#8221; _builder_version=&#8221;4.16&#8243; _dynamic_attributes=&#8221;button_url&#8221; custom_button=&#8221;on&#8221; button_text_size=&#8221;17px&#8221; button_border_width=&#8221;0px&#8221; button_border_radius=&#8221;0px&#8221; button_font=&#8221;|800|||||||&#8221; button_icon=&#8221;&#x24;||divi||400&#8243; button_on_hover=&#8221;off&#8221; background_layout=&#8221;dark&#8221; button_text_size_tablet=&#8221;&#8221; button_text_size_phone=&#8221;13px&#8221; button_text_size_last_edited=&#8221;on|phone&#8221; global_colors_info=&#8221;{}&#8221;][\/et_pb_button][\/et_pb_column][\/et_pb_row][\/et_pb_section][et_pb_section fb_built=&#8221;1&#8243; admin_label=&#8221;Secondary Header&#8221; _builder_version=&#8221;4.16&#8243; custom_padding=&#8221;0px||0px||true|false&#8221; collapsed=&#8221;off&#8221; global_colors_info=&#8221;{}&#8221;][et_pb_row column_structure=&#8221;1_2,1_2&#8243; use_custom_gutter=&#8221;on&#8221; gutter_width=&#8221;1&#8243; make_equal=&#8221;on&#8221; _builder_version=&#8221;4.16&#8243; background_color=&#8221;#faf7f2&#8243; width=&#8221;100%&#8221; max_width=&#8221;100%&#8221; custom_padding=&#8221;0px||0px||true|false&#8221; global_colors_info=&#8221;{}&#8221;][et_pb_column type=&#8221;1_2&#8243; _builder_version=&#8221;4.16&#8243; global_colors_info=&#8221;{}&#8221;][et_pb_text _builder_version=&#8221;4.16&#8243; text_font=&#8221;|700|||||||&#8221; text_text_color=&#8221;#4681bf&#8221; text_font_size=&#8221;20px&#8221; header_font=&#8221;|800|||||||&#8221; header_text_color=&#8221;#e47d3a&#8221; header_font_size=&#8221;38px&#8221; custom_padding=&#8221;15%|15%|15%|15%|true|true&#8221; global_colors_info=&#8221;{}&#8221;]<\/p>\n<h1>Patient Registration Forms<\/h1>\n<p><span style=\"font-size: 16px; color: #4781bf;\">Your Patient Registration forms<\/span><\/p>\n<p>[\/et_pb_text][et_pb_text disabled_on=&#8221;on|on|on&#8221; _builder_version=&#8221;4.27.4&#8243; text_font=&#8221;|700|||||||&#8221; text_text_color=&#8221;#4681bf&#8221; text_font_size=&#8221;20px&#8221; header_font=&#8221;|800|||||||&#8221; header_text_color=&#8221;#e47d3a&#8221; header_font_size=&#8221;38px&#8221; custom_padding=&#8221;15%|15%|15%|15%|true|true&#8221; disabled=&#8221;on&#8221; global_colors_info=&#8221;{}&#8221;]<\/p>\n<h1>Patient Registration Forms<\/h1>\n<p><span style=\"font-size: 16px; color: #4781bf;\">Your Patient Registration forms are ready<\/span><\/p>\n<p>[\/et_pb_text][\/et_pb_column][et_pb_column type=&#8221;1_2&#8243; _builder_version=&#8221;4.16&#8243; global_colors_info=&#8221;{}&#8221;][et_pb_image src=&#8221;https:\/\/mysunsethealth.org\/wp-content\/uploads\/2019\/12\/board-of-directors.jpg&#8221; force_fullwidth=&#8221;on&#8221; admin_label=&#8221;Image&#8221; _builder_version=&#8221;4.16&#8243; global_colors_info=&#8221;{}&#8221;][\/et_pb_image][\/et_pb_column][\/et_pb_row][\/et_pb_section][et_pb_section fb_built=&#8221;1&#8243; admin_label=&#8221;Services&#8221; _builder_version=&#8221;4.16&#8243; custom_padding=&#8221;0px||0px||true|false&#8221; collapsed=&#8221;off&#8221; global_colors_info=&#8221;{}&#8221;][et_pb_row column_structure=&#8221;3_4,1_4&#8243; use_custom_gutter=&#8221;on&#8221; gutter_width=&#8221;1&#8243; _builder_version=&#8221;4.16&#8243; width=&#8221;100%&#8221; max_width=&#8221;100%&#8221; custom_padding=&#8221;0px||0px||true|false&#8221; collapsed=&#8221;off&#8221; global_colors_info=&#8221;{}&#8221;][et_pb_column type=&#8221;3_4&#8243; _builder_version=&#8221;4.16&#8243; global_colors_info=&#8221;{}&#8221;][et_pb_text disabled_on=&#8221;on|on|on&#8221; _builder_version=&#8221;4.27.4&#8243; text_font=&#8221;|600|||||||&#8221; text_font_size=&#8221;16px&#8221; text_line_height=&#8221;1.8em&#8221; header_text_color=&#8221;#4781bf&#8221; header_2_font=&#8221;|700|||||||&#8221; header_2_text_color=&#8221;#4681bf&#8221; header_2_font_size=&#8221;24px&#8221; custom_padding=&#8221;5%|10%|5%|10%|true|true&#8221; disabled=&#8221;on&#8221; global_colors_info=&#8221;{}&#8221;]<\/p>\n<h1><strong>Sunset Health Patient Registration Forms<\/strong><\/h1>\n<p>We&#8217;re currently updating our patient registration forms to serve you better. The new forms will be available soon. In the meantime, if you have any questions or need assistance, please contact our office.<\/p>\n<p>Thank you for your patience!<\/p>\n<p>[\/et_pb_text][et_pb_text disabled_on=&#8221;off|off|off&#8221; _builder_version=&#8221;4.27.4&#8243; text_font=&#8221;|600|||||||&#8221; text_font_size=&#8221;16px&#8221; text_line_height=&#8221;1.8em&#8221; link_text_color=&#8221;#4781BF&#8221; header_text_color=&#8221;#4781bf&#8221; header_2_font=&#8221;|700|||||||&#8221; header_2_text_color=&#8221;#4681bf&#8221; header_2_font_size=&#8221;24px&#8221; custom_padding=&#8221;5%|10%|5%|10%|true|true&#8221; hover_enabled=&#8221;0&#8243; global_colors_info=&#8221;{}&#8221; link_text_color__hover_enabled=&#8221;on|hover&#8221; link_text_color__hover=&#8221;#E47D3A&#8221; sticky_enabled=&#8221;0&#8243;]<\/p>\n<h1><strong>Sunset Health Patient Registration Forms<\/strong><\/h1>\n<p><span style=\"font-size: 16px;\">Simply click on the form you wish to view, download, or print. All forms are accessible in both English and Spanish.<\/span><\/p>\n<p><a href=\"https:\/\/mysunsethealth.org\/wp-content\/uploads\/2025\/07\/5-How-to-Call-the-Clinician-When-the-Clinic-is-Closed.pdf\" target=\"_blank\" rel=\"noopener\"><span style=\"font-size: 16px;\">How to call the clinician when the clinic is closed \/\u00a0<\/span><span style=\"font-size: 16px;\">C\u00f3mo communicarse con su provedor clinico cuando la cl\u00ednica est\u00e1 cerrada [english\/spanish]<\/span><\/a><\/p>\n<p><a href=\"https:\/\/mysunsethealth.org\/wp-content\/uploads\/2025\/07\/Carta-de-derechos-y-responsabilidades-del-paciente.pdf\" target=\"_blank\" rel=\"noopener\"><span style=\"font-size: 16px;\">Carta de Derechos y Responsabilidades del Paciente [spanish]<\/span><\/a><\/p>\n<p><a href=\"https:\/\/mysunsethealth.org\/wp-content\/uploads\/2025\/07\/6Bill-of-Rights-English.pdf\" target=\"_blank\" rel=\"noopener\"><span style=\"font-size: 16px;\">Bill of Rigths &#8211; [english]<\/span><\/a><\/p>\n<p><a href=\"https:\/\/mysunsethealth.org\/wp-content\/uploads\/2025\/07\/7Notice-of-Privacy-Practices-English.pdf\" target=\"_blank\" rel=\"noopener\"><span style=\"font-size: 16px;\">Notice of Privacy Practices &#8211; [english]<\/span><\/a><\/p>\n<p><a href=\"https:\/\/mysunsethealth.org\/wp-content\/uploads\/2025\/07\/7Notice-of-Privacy-Practices-Spanish.pdf\" target=\"_blank\" rel=\"noopener\"><span style=\"font-size: 16px;\">Aviso de Practicas de Privacidad &#8211; [spanish]<\/span><\/a><\/p>\n<p><a href=\"https:\/\/mysunsethealth.org\/wp-content\/uploads\/2025\/07\/Advanced-Directives.pdf\" target=\"_blank\" rel=\"noopener\"><span style=\"font-size: 16px;\">Advanced Directives &#8211; [english\/spanish]<\/span><\/a><\/p>\n<p><a href=\"https:\/\/mysunsethealth.org\/wp-content\/uploads\/2025\/08\/GFE-Notice-ENGLISH.pdf\" target=\"_blank\" rel=\"noopener\">Good Faith Estimate<\/a><\/p>\n<p><a href=\"https:\/\/mysunsethealth.org\/wp-content\/uploads\/2025\/08\/GFE-Notice-ESPANOL.pdf\" target=\"_blank\" rel=\"noopener\">Estimaci\u00f3n de Buena Voluntad<\/a><\/p>\n<p><span style=\"font-size: 16px;\"><\/span><\/p>\n<p>[\/et_pb_text][\/et_pb_column][et_pb_column type=&#8221;1_4&#8243; _builder_version=&#8221;4.16&#8243; background_color=&#8221;#faf7f2&#8243; custom_padding=&#8221;5%|2%|5%|2%|true|true&#8221; global_colors_info=&#8221;{}&#8221;][et_pb_image src=&#8221;https:\/\/mysunsethealth.org\/wp-content\/uploads\/2019\/10\/providers-icon-orange.svg&#8221; url=&#8221;@ET-DC@eyJkeW5hbWljIjp0cnVlLCJjb250ZW50IjoicG9zdF9saW5rX3VybF9wYWdlIiwic2V0dGluZ3MiOnsicG9zdF9pZCI6IjI1MiJ9fQ==@&#8221; align=&#8221;center&#8221; admin_label=&#8221;Provider Icon&#8221; _builder_version=&#8221;4.16&#8243; _dynamic_attributes=&#8221;url&#8221; height=&#8221;51px&#8221; custom_margin=&#8221;||15px||false|false&#8221; global_colors_info=&#8221;{}&#8221;][\/et_pb_image][et_pb_text admin_label=&#8221;Find a Provider&#8221; _builder_version=&#8221;4.16&#8243; text_font=&#8221;|600|||||||&#8221; text_font_size=&#8221;16px&#8221; header_2_font=&#8221;|800||on|||||&#8221; header_2_text_color=&#8221;#4681bf&#8221; header_2_font_size=&#8221;16px&#8221; text_orientation=&#8221;center&#8221; custom_margin=&#8221;||50px||false|false&#8221; global_colors_info=&#8221;{}&#8221;]<\/p>\n<h2><a href=\"https:\/\/mysunsethealth.org\/find-a-provider\/\">Find a Provider<\/a><\/h2>\n<p>Search our team of qualified providers who are ready to help.<\/p>\n<p>[\/et_pb_text][et_pb_image src=&#8221;https:\/\/mysunsethealth.org\/wp-content\/uploads\/2019\/10\/calendar-icon.svg&#8221; url=&#8221;@ET-DC@eyJkeW5hbWljIjp0cnVlLCJjb250ZW50IjoicG9zdF9saW5rX3VybF9wYWdlIiwic2V0dGluZ3MiOnsicG9zdF9pZCI6IjIwOCJ9fQ==@&#8221; align=&#8221;center&#8221; admin_label=&#8221;Appointment Icon&#8221; _builder_version=&#8221;4.16&#8243; _dynamic_attributes=&#8221;url&#8221; height=&#8221;38px&#8221; custom_margin=&#8221;||15px||false|false&#8221; global_colors_info=&#8221;{}&#8221;][\/et_pb_image][et_pb_text admin_label=&#8221;Schedule Appointment&#8221; _builder_version=&#8221;4.16&#8243; text_font=&#8221;|600|||||||&#8221; text_font_size=&#8221;16px&#8221; header_2_font=&#8221;|800||on|||||&#8221; header_2_text_color=&#8221;#4681bf&#8221; header_2_font_size=&#8221;16px&#8221; text_orientation=&#8221;center&#8221; custom_padding=&#8221;||50px||false|false&#8221; global_colors_info=&#8221;{}&#8221;]<\/p>\n<h2><a href=\"https:\/\/mysunsethealth.org\/schedule-an-appointment\/\">Schedule an appointment<\/a><\/h2>\n<p>Take the next step toward a healthier future today.<\/p>\n<p>[\/et_pb_text][et_pb_image src=&#8221;https:\/\/mysunsethealth.org\/wp-content\/uploads\/2019\/10\/services-icon-1.svg&#8221; url=&#8221;@ET-DC@eyJkeW5hbWljIjp0cnVlLCJjb250ZW50IjoicG9zdF9saW5rX3VybF9wYWdlIiwic2V0dGluZ3MiOnsicG9zdF9pZCI6IjIyMCJ9fQ==@&#8221; align=&#8221;center&#8221; admin_label=&#8221;Services Icon&#8221; _builder_version=&#8221;4.16&#8243; _dynamic_attributes=&#8221;url&#8221; height=&#8221;53px&#8221; custom_margin=&#8221;||15px||false|false&#8221; global_colors_info=&#8221;{}&#8221;][\/et_pb_image][et_pb_text admin_label=&#8221;More Services&#8221; _builder_version=&#8221;4.16&#8243; text_font=&#8221;|600|||||||&#8221; text_font_size=&#8221;16px&#8221; header_2_font=&#8221;|800||on|||||&#8221; header_2_text_color=&#8221;#4681bf&#8221; header_2_font_size=&#8221;16px&#8221; text_orientation=&#8221;center&#8221; custom_padding=&#8221;||50px||false|false&#8221; global_colors_info=&#8221;{}&#8221;]<\/p>\n<h2><a href=\"https:\/\/mysunsethealth.org\/medical-services\/\">View More Services<\/a><\/h2>\n<p>Review our full list of services provided to you.<\/p>\n<p>[\/et_pb_text][\/et_pb_column][\/et_pb_row][\/et_pb_section]<\/p>\n","protected":false},"excerpt":{"rendered":"<p>Patient Registration Forms Your Patient Registration formsPatient Registration Forms Your Patient Registration forms are readySunset Health Patient Registration Forms We&#8217;re currently updating our patient registration forms to serve you better. The new forms will be available soon. In the meantime, if you have any questions or need assistance, please contact our office. Thank you for [&hellip;]<\/p>\n","protected":false},"author":12,"featured_media":0,"parent":0,"menu_order":0,"comment_status":"closed","ping_status":"closed","template":"","meta":{"_et_pb_use_builder":"on","_et_pb_old_content":"","_et_gb_content_width":"","inline_featured_image":false,"footnotes":""},"class_list":["post-4838","page","type-page","status-publish","hentry"],"_links":{"self":[{"href":"https:\/\/mysunsethealth.org\/es\/wp-json\/wp\/v2\/pages\/4838","targetHints":{"allow":["GET"]}}],"collection":[{"href":"https:\/\/mysunsethealth.org\/es\/wp-json\/wp\/v2\/pages"}],"about":[{"href":"https:\/\/mysunsethealth.org\/es\/wp-json\/wp\/v2\/types\/page"}],"author":[{"embeddable":true,"href":"https:\/\/mysunsethealth.org\/es\/wp-json\/wp\/v2\/users\/12"}],"replies":[{"embeddable":true,"href":"https:\/\/mysunsethealth.org\/es\/wp-json\/wp\/v2\/comments?post=4838"}],"version-history":[{"count":0,"href":"https:\/\/mysunsethealth.org\/es\/wp-json\/wp\/v2\/pages\/4838\/revisions"}],"wp:attachment":[{"href":"https:\/\/mysunsethealth.org\/es\/wp-json\/wp\/v2\/media?parent=4838"}],"curies":[{"name":"wp","href":"https:\/\/api.w.org\/{rel}","templated":true}]}}